{"id":2423,"date":"2015-07-29T13:44:44","date_gmt":"2015-07-29T13:44:44","guid":{"rendered":"https:\/\/blockart-agency.sites.qsandbox.com\/?page_id=4"},"modified":"2025-08-30T13:31:03","modified_gmt":"2025-08-30T13:31:03","slug":"home","status":"publish","type":"page","link":"https:\/\/www.ariisg.com\/randevu\/","title":{"rendered":"Home"},"content":{"rendered":"<p>[vc_row full_width=&#8221;stretch_row_content_no_spaces&#8221; css=&#8221;.vc_custom_1649058508783{background-color: #e5e5e5 !important;}&#8221;][vc_column width=&#8221;1\/2&#8243;][vc_row_inner][vc_column_inner width=&#8221;1\/4&#8243;][\/vc_column_inner][vc_column_inner width=&#8221;3\/4&#8243;][vc_single_image image=&#8221;2723&#8243; img_size=&#8221;full&#8221;][\/vc_column_inner][\/vc_row_inner][\/vc_column][vc_column width=&#8221;1\/2&#8243;][vc_row_inner][vc_column_inner width=&#8221;1\/2&#8243;][vc_empty_space][vc_column_text]<\/p>\n<div class=\"elementor-element elementor-element-578f37f elementor-widget elementor-widget-heading\" data-id=\"578f37f\" data-element_type=\"widget\" data-widget_type=\"heading.default\">\n<div class=\"elementor-widget-container\">\n<div class=\"elementor-element elementor-element-578f37f elementor-widget elementor-widget-heading\" data-id=\"578f37f\" data-element_type=\"widget\" data-widget_type=\"heading.default\">\n<div class=\"elementor-widget-container\">\n<h1 class=\"elementor-heading-title elementor-size-default\" style=\"text-align: left;\">G\u00f6r\u00fcnt\u00fcl\u00fc G\u00f6r\u00fc\u015fme Randevusu Olu\u015ftur<\/h1>\n<\/div>\n<\/div>\n<div class=\"elementor-element elementor-element-fddbf4f elementor-widget elementor-widget-text-editor\" data-id=\"fddbf4f\" data-element_type=\"widget\" data-widget_type=\"text-editor.default\">\n<div class=\"elementor-widget-container\">\n<p>Randevu olu\u015fturmak i\u00e7in a\u015fa\u011f\u0131daki butona basarak y\u00f6nergeleri takip edebilirsiniz. Randevu ald\u0131\u011f\u0131n\u0131z esnada hesab\u0131n\u0131z da otomatik olarak olu\u015facak ve daha sonra dashboard dan randevunuzu izleyebileceksiniz.<\/p>\n<\/div>\n<div class=\"latepoint-book-button os_trigger_booking\" data-selected-service=\"1\"   data-nonce=\"2f3486d807\">Randevu Al<\/div>\n<\/div>\n<\/div>\n<\/div>\n<p>[\/vc_column_text][\/vc_column_inner][vc_column_inner width=&#8221;1\/2&#8243;][vc_raw_html]JTIwJTIwJTNDaWZyYW1lJTIwJTBBJTIwJTIwJTIwJTIwc3JjJTNEJTIyaHR0cHMlM0ElMkYlMkZ3d3cueW91dHViZS5jb20lMkZlbWJlZCUyRnZpZGVvc2VyaWVzJTNGbGlzdCUzRFBMTHVudTJmLW5mMzNCZFFYXzJMVzJHTFNPNnNhSnZRbjAlMjZhdXRvcGxheSUzRDElMjZtdXRlJTNEMSUyNmxvb3AlM0QxJTI2cmVsJTNEMCUyMiUyMCUwQSUyMCUyMCUyMCUyMHN0eWxlJTNEJTIycG9zaXRpb24lM0ElMjBhYnNvbHV0ZSUzQiUyMHRvcCUzQSUyMDAlM0IlMjBsZWZ0JTNBJTIwMCUzQiUyMHdpZHRoJTNBJTIwMSUyNSUzQiUyMGhlaWdodCUzQSUyMDElMjUlM0IlMjIlMjAlMEElMjAlMjAlMjAlMjBmcmFtZWJvcmRlciUzRCUyMjAlMjIlMjAlMEElMjAlMjAlMjAlMjBhbGxvdyUzRCUyMmF1dG9wbGF5JTNCJTIwZW5jcnlwdGVkLW1lZGlhJTNCJTIwcGljdHVyZS1pbi1waWN0dXJlJTIyJTIwJTBBJTIwJTIwJTIwJTIwYWxsb3dmdWxsc2NyZWVuJTBBJTIwJTIwJTIwJTIwdGl0bGUlM0QlMjJLJTIyJTNFJTBBJTIwJTIwJTNDJTJGaWZyYW1lJTNFJTBBJTBBJTBB[\/vc_raw_html][\/vc_column_inner][\/vc_row_inner][\/vc_column][\/vc_row]<\/p>\n","protected":false},"excerpt":{"rendered":"<p>[vc_row full_width=&#8221;stretch_row_content_no_spaces&#8221; css=&#8221;.vc_custom_1649058508783{background-color: #e5e5e5 !important;}&#8221;][vc_column width=&#8221;1\/2&#8243;][vc_row_inner][vc_column_inner width=&#8221;1\/4&#8243;][\/vc_column_inner][vc_column_inner width=&#8221;3\/4&#8243;][vc_single_image image=&#8221;2723&#8243; img_size=&#8221;full&#8221;][\/vc_column_inner][\/vc_row_inner][\/vc_column][vc_column width=&#8221;1\/2&#8243;][vc_row_inner][vc_column_inner width=&#8221;1\/2&#8243;][vc_empty_space][vc_column_text] G\u00f6r\u00fcnt\u00fcl\u00fc G\u00f6r\u00fc\u015fme Randevusu Olu\u015ftur Randevu olu\u015fturmak i\u00e7in a\u015fa\u011f\u0131daki butona basarak y\u00f6nergeleri takip edebilirsiniz. Randevu ald\u0131\u011f\u0131n\u0131z esnada hesab\u0131n\u0131z da otomatik olarak olu\u015facak ve daha sonra dashboard dan randevunuzu izleyebileceksiniz. [\/vc_column_text][\/vc_column_inner][vc_column_inner width=&#8221;1\/2&#8243;][vc_raw_html]JTIwJTIwJTNDaWZyYW1lJTIwJTBBJTIwJTIwJTIwJTIwc3JjJTNEJTIyaHR0cHMlM0ElMkYlMkZ3d3cueW91dHViZS5jb20lMkZlbWJlZCUyRnZpZGVvc2VyaWVzJTNGbGlzdCUzRFBMTHVudTJmLW5mMzNCZFFYXzJMVzJHTFNPNnNhSnZRbjAlMjZhdXRvcGxheSUzRDElMjZtdXRlJTNEMSUyNmxvb3AlM0QxJTI2cmVsJTNEMCUyMiUyMCUwQSUyMCUyMCUyMCUyMHN0eWxlJTNEJTIycG9zaXRpb24lM0ElMjBhYnNvbHV0ZSUzQiUyMHRvcCUzQSUyMDAlM0IlMjBsZWZ0JTNBJTIwMCUzQiUyMHdpZHRoJTNBJTIwMSUyNSUzQiUyMGhlaWdodCUzQSUyMDElMjUlM0IlMjIlMjAlMEElMjAlMjAlMjAlMjBmcmFtZWJvcmRlciUzRCUyMjAlMjIlMjAlMEElMjAlMjAlMjAlMjBhbGxvdyUzRCUyMmF1dG9wbGF5JTNCJTIwZW5jcnlwdGVkLW1lZGlhJTNCJTIwcGljdHVyZS1pbi1waWN0dXJlJTIyJTIwJTBBJTIwJTIwJTIwJTIwYWxsb3dmdWxsc2NyZWVuJTBBJTIwJTIwJTIwJTIwdGl0bGUlM0QlMjJLJTIyJTNFJTBBJTIwJTIwJTNDJTJGaWZyYW1lJTNFJTBBJTBBJTBB[\/vc_raw_html][\/vc_column_inner][\/vc_row_inner][\/vc_column][\/vc_row]<\/p>\n","protected":false},"author":1,"featured_media":0,"parent":0,"menu_order":0,"comment_status":"open","ping_status":"open","template":"page-templates\/pagebuilder.php","meta":{"_coblocks_attr":"","_coblocks_dimensions":"","_coblocks_responsive_height":"","_coblocks_accordion_ie_support":"","_crdt_document":"","footnotes":""},"class_list":["post-2423","page","type-page","status-publish","hentry"],"_links":{"self":[{"href":"https:\/\/www.ariisg.com\/randevu\/wp-json\/wp\/v2\/pages\/2423","targetHints":{"allow":["GET"]}}],"collection":[{"href":"https:\/\/www.ariisg.com\/randevu\/wp-json\/wp\/v2\/pages"}],"about":[{"href":"https:\/\/www.ariisg.com\/randevu\/wp-json\/wp\/v2\/types\/page"}],"author":[{"embeddable":true,"href":"https:\/\/www.ariisg.com\/randevu\/wp-json\/wp\/v2\/users\/1"}],"replies":[{"embeddable":true,"href":"https:\/\/www.ariisg.com\/randevu\/wp-json\/wp\/v2\/comments?post=2423"}],"version-history":[{"count":0,"href":"https:\/\/www.ariisg.com\/randevu\/wp-json\/wp\/v2\/pages\/2423\/revisions"}],"wp:attachment":[{"href":"https:\/\/www.ariisg.com\/randevu\/wp-json\/wp\/v2\/media?parent=2423"}],"curies":[{"name":"wp","href":"https:\/\/api.w.org\/{rel}","templated":true}]}}