{"id":19,"date":"2022-03-29T12:50:15","date_gmt":"2022-03-29T12:50:15","guid":{"rendered":"https:\/\/www.ariisg.com\/randevu\/?page_id=19"},"modified":"2023-12-06T07:22:49","modified_gmt":"2023-12-06T07:22:49","slug":"rez","status":"publish","type":"page","link":"https:\/\/www.ariisg.com\/randevu\/rez\/","title":{"rendered":"G\u00f6r\u00fcnt\u00fcl\u00fc G\u00f6r\u00fc\u015fme"},"content":{"rendered":"<p>[vc_row][vc_column width=&#8221;1\/4&#8243;][vc_column_text]<div class=\"latepoint-book-button os_trigger_booking\"   data-nonce=\"3fbb1146d8\">Randevu Al<\/div>\n<p>\n[\/vc_column_text][\/vc_column][vc_column width=&#8221;3\/4&#8243;][vc_column_text]<\/p>\r\n<h4>Ho\u015f Geldiniz&#8230;<\/h4>\r\n<ul>\r\n<li style=\"list-style-type: none;\">\r\n<ul>\r\n<li>Randevunuzu olu\u015fturduktan sonra randevu web sayfam\u0131zdaki <strong>Dashboard<\/strong> men\u00fcs\u00fcnden randevunuzu iptal edebilir, yeni randevu alabilir veya randevu detaylar\u0131n\u0131z\u0131 de\u011fi\u015ftirebilirsiniz.<\/li>\r\n<li>Yine randevu sayfan\u0131zda bulunan mesajlar b\u00f6l\u00fcm\u00fcnden sayfa y\u00f6neticisi ile mesajla\u015fabilir veya a\u015fa\u011f\u0131da bulunan mail adreslerine e-mail g\u00f6nderebilirsiniz.<\/li>\r\n<li>Hekiminizin veya Di\u011fer Sa\u011fl\u0131k G\u00f6revlinizin talebi do\u011frultusunda yine men\u00fc de bulunan evrak y\u00fckleme sayfan\u0131zdan hekiminizin talep etti\u011fi evraklar\u0131 g\u00f6nderebilirsiniz.<\/li>\r\n<\/ul>\r\n<\/li>\r\n<\/ul>\r\n<p>Sa\u011fl\u0131kl\u0131 g\u00fcnler dileriz&#8230;<\/p>\r\n<p>Ar\u0131OSGB Ekibi.<br \/>info@ariisg.com<\/p>\r\n<p>[\/vc_column_text][\/vc_column][\/vc_row]<\/p>","protected":false},"excerpt":{"rendered":"<p>[vc_row][vc_column width=&#8221;1\/4&#8243;][vc_column_text][\/vc_column_text][\/vc_column][vc_column width=&#8221;3\/4&#8243;][vc_column_text] Ho\u015f Geldiniz&#8230; Randevunuzu olu\u015fturduktan sonra randevu web sayfam\u0131zdaki Dashboard men\u00fcs\u00fcnden randevunuzu iptal edebilir, yeni randevu alabilir veya randevu detaylar\u0131n\u0131z\u0131 de\u011fi\u015ftirebilirsiniz. Yine randevu sayfan\u0131zda bulunan mesajlar b\u00f6l\u00fcm\u00fcnden sayfa y\u00f6neticisi ile mesajla\u015fabilir veya a\u015fa\u011f\u0131da bulunan mail adreslerine e-mail g\u00f6nderebilirsiniz. Hekiminizin veya Di\u011fer Sa\u011fl\u0131k G\u00f6revlinizin talebi do\u011frultusunda yine men\u00fc de bulunan evrak y\u00fckleme sayfan\u0131zdan hekiminizin [&hellip;]<\/p>\n","protected":false},"author":1,"featured_media":0,"parent":0,"menu_order":0,"comment_status":"closed","ping_status":"closed","template":"","meta":{"_coblocks_attr":"","_coblocks_dimensions":"","_coblocks_responsive_height":"","_coblocks_accordion_ie_support":"","_crdt_document":"","footnotes":""},"class_list":["post-19","page","type-page","status-publish","hentry"],"_links":{"self":[{"href":"https:\/\/www.ariisg.com\/randevu\/wp-json\/wp\/v2\/pages\/19","targetHints":{"allow":["GET"]}}],"collection":[{"href":"https:\/\/www.ariisg.com\/randevu\/wp-json\/wp\/v2\/pages"}],"about":[{"href":"https:\/\/www.ariisg.com\/randevu\/wp-json\/wp\/v2\/types\/page"}],"author":[{"embeddable":true,"href":"https:\/\/www.ariisg.com\/randevu\/wp-json\/wp\/v2\/users\/1"}],"replies":[{"embeddable":true,"href":"https:\/\/www.ariisg.com\/randevu\/wp-json\/wp\/v2\/comments?post=19"}],"version-history":[{"count":0,"href":"https:\/\/www.ariisg.com\/randevu\/wp-json\/wp\/v2\/pages\/19\/revisions"}],"wp:attachment":[{"href":"https:\/\/www.ariisg.com\/randevu\/wp-json\/wp\/v2\/media?parent=19"}],"curies":[{"name":"wp","href":"https:\/\/api.w.org\/{rel}","templated":true}]}}